{"id":8997,"date":"2020-07-09T19:53:08","date_gmt":"2020-07-09T19:53:08","guid":{"rendered":"https:\/\/www.endoscopi-industriali.it\/prodotti-endoscopi-industriali\/"},"modified":"2020-07-09T19:53:08","modified_gmt":"2020-07-09T19:53:08","slug":"prodotti-endoscopi-industriali","status":"publish","type":"page","link":"https:\/\/www.endoscopi-industriali.it\/en\/prodotti-endoscopi-industriali\/","title":{"rendered":"Endoscopi Industriali Cobb Fibre Ottiche"},"content":{"rendered":"\n<p>I possibili <strong>campi d\u2019applicazione<\/strong> dell\u2019<strong>endoscopia industriale<\/strong> e tecnica sono praticamente infiniti. Gli <strong>endoscopi industriali COBB FIBRE OTTICHE<\/strong> vengono impiegati tra l\u2019altro in astronautica, aeronautica, nella tecnologia energetica, nel settore automobilistico, nella tecnologia degli edifici e nel settore della sicurezza e delle attivit\u00e0 di polizia.<\/p>\n\n\n\n<p><strong>Il punto di forza di Cobb \u00e8 la capacit\u00e0 di collegare tra loro le tecnologie di ottica, elettronica e meccanica attraverso una efficiente e autonoma catena di ricerca, sviluppo e produzione.<\/strong><\/p>\n\n\n\n<p>Grazie alla loro qualit\u00e0 e affidabilit\u00e0, gli endoscopi industriali COBB sono la scelta ideale per le ispezioni tecniche pi\u00f9 complesse. Il punto di forza di Cobb \u00e8 la capacit\u00e0 di collegare tra loro le tecnologie di ottica, elettronica e meccanica attraverso una efficiente e autonoma catena di ricerca, sviluppo e produzione. <\/p>\n\n\n\n<p><strong>Esplora la nostra gamma di prodotti per scoprire soluzioni avanzate e innovative per tutte le tue esigenze industriali. Scegli COBB per ottenere precisione e qualit\u00e0 senza compromessi nei tuoi processi di ispezione.<\/strong><\/p>\n\n\n\n<p>La nostra gamma include <strong>videoendoscopi flessibili<\/strong> con monitor integrato, <strong>fibroscopi flessibili <\/strong>con tecnologia a fibre ottiche, <strong>endoscopi rigidi<\/strong> e strumentazioni videoendoscopiche per <strong>controlli UV<\/strong> e <strong>misure<\/strong> tridimensionali <strong>3D<\/strong>.<\/p>\n\n\n\n<p>Adatti a qualsiasi settore industriale, dall\u2019automotive al navale, dal quello avionico al settore edile, da quello energetico ai controlli pi\u00f9 complessi nella micromeccanica, siamo pronti a soddisfare le tue esigenze di controllo su tutti i fronti.<\/p>\n\n\n\n<p>Con una <strong>garanzia di tre anni <\/strong>su tutti i nostri prodotti e un servizio post-vendita dedicato, ti garantiamo la massima durata e performance dei nostri strumenti.<\/p>\n","protected":false},"excerpt":{"rendered":"<p>I possibili campi d\u2019applicazione dell\u2019endoscopia industriale e tecnica sono praticamente infiniti. Gli endoscopi industriali COBB FIBRE OTTICHE vengono impiegati tra l\u2019altro in astronautica, aeronautica, nella tecnologia energetica, nel settore automobilistico, nella tecnologia degli edifici e nel settore della sicurezza e delle attivit\u00e0 di polizia. Il punto di forza di Cobb \u00e8 la capacit\u00e0 di collegare&#8230; [&#8230;]<\/p>\n<p><a class=\"btn btn-secondary understrap-read-more-link\" href=\"https:\/\/www.endoscopi-industriali.it\/en\/prodotti-endoscopi-industriali\/\">Read More&#8230;<\/a><\/p>\n","protected":false},"author":1,"featured_media":7119,"parent":0,"menu_order":0,"comment_status":"closed","ping_status":"closed","template":"page-prodotti.php","meta":{"inline_featured_image":false,"footnotes":""},"acf":[],"_links":{"self":[{"href":"https:\/\/www.endoscopi-industriali.it\/en\/wp-json\/wp\/v2\/pages\/8997"}],"collection":[{"href":"https:\/\/www.endoscopi-industriali.it\/en\/wp-json\/wp\/v2\/pages"}],"about":[{"href":"https:\/\/www.endoscopi-industriali.it\/en\/wp-json\/wp\/v2\/types\/page"}],"author":[{"embeddable":true,"href":"https:\/\/www.endoscopi-industriali.it\/en\/wp-json\/wp\/v2\/users\/1"}],"replies":[{"embeddable":true,"href":"https:\/\/www.endoscopi-industriali.it\/en\/wp-json\/wp\/v2\/comments?post=8997"}],"version-history":[{"count":0,"href":"https:\/\/www.endoscopi-industriali.it\/en\/wp-json\/wp\/v2\/pages\/8997\/revisions"}],"wp:featuredmedia":[{"embeddable":true,"href":"https:\/\/www.endoscopi-industriali.it\/en\/wp-json\/wp\/v2\/media\/7119"}],"wp:attachment":[{"href":"https:\/\/www.endoscopi-industriali.it\/en\/wp-json\/wp\/v2\/media?parent=8997"}],"curies":[{"name":"wp","href":"https:\/\/api.w.org\/{rel}","templated":true}]}}