{"id":8993,"date":"2020-07-17T12:15:39","date_gmt":"2020-07-17T12:15:39","guid":{"rendered":"https:\/\/www.endoscopi-industriali.it\/campi-dimpiego\/"},"modified":"2020-07-17T12:15:39","modified_gmt":"2020-07-17T12:15:39","slug":"campi-dimpiego","status":"publish","type":"page","link":"https:\/\/www.endoscopi-industriali.it\/en\/campi-dimpiego\/","title":{"rendered":"Campi d&#8217;impiego"},"content":{"rendered":"\n<p>I possibili <strong>campi d\u2019applicazione<\/strong> dell\u2019<strong>endoscopia industriale<\/strong> e tecnica sono praticamente infiniti. Gli <strong>endoscopi industriali COBB FIBRE OTTICHE<\/strong> vengono impiegati tra l\u2019altro in astronautica, aeronautica, nella tecnologia energetica, nel settore automobilistico, nella tecnologia degli edifici e nel settore della sicurezza e delle attivit\u00e0 di polizia. <\/p>\n\n\n\n<p><strong>Il punto di forza di Cobb \u00e8 la capacit\u00e0 di collegare tra loro le tecnologie di ottica, elettronica e meccanica attraverso una efficiente e autonoma catena di ricerca, sviluppo e produzione.<\/strong><\/p>\n","protected":false},"excerpt":{"rendered":"<p>I possibili campi d\u2019applicazione dell\u2019endoscopia industriale e tecnica sono praticamente infiniti. Gli endoscopi industriali COBB FIBRE OTTICHE vengono impiegati tra l\u2019altro in astronautica, aeronautica, nella tecnologia energetica, nel settore automobilistico, nella tecnologia degli edifici e nel settore della sicurezza e delle attivit\u00e0 di polizia. Il punto di forza di Cobb \u00e8 la capacit\u00e0 di collegare&#8230; [&#8230;]<\/p>\n<p><a class=\"btn btn-secondary understrap-read-more-link\" href=\"https:\/\/www.endoscopi-industriali.it\/en\/campi-dimpiego\/\">Read More&#8230;<\/a><\/p>\n","protected":false},"author":1,"featured_media":317,"parent":0,"menu_order":0,"comment_status":"closed","ping_status":"closed","template":"page-settori.php","meta":{"inline_featured_image":false,"footnotes":""},"acf":[],"_links":{"self":[{"href":"https:\/\/www.endoscopi-industriali.it\/en\/wp-json\/wp\/v2\/pages\/8993"}],"collection":[{"href":"https:\/\/www.endoscopi-industriali.it\/en\/wp-json\/wp\/v2\/pages"}],"about":[{"href":"https:\/\/www.endoscopi-industriali.it\/en\/wp-json\/wp\/v2\/types\/page"}],"author":[{"embeddable":true,"href":"https:\/\/www.endoscopi-industriali.it\/en\/wp-json\/wp\/v2\/users\/1"}],"replies":[{"embeddable":true,"href":"https:\/\/www.endoscopi-industriali.it\/en\/wp-json\/wp\/v2\/comments?post=8993"}],"version-history":[{"count":0,"href":"https:\/\/www.endoscopi-industriali.it\/en\/wp-json\/wp\/v2\/pages\/8993\/revisions"}],"wp:featuredmedia":[{"embeddable":true,"href":"https:\/\/www.endoscopi-industriali.it\/en\/wp-json\/wp\/v2\/media\/317"}],"wp:attachment":[{"href":"https:\/\/www.endoscopi-industriali.it\/en\/wp-json\/wp\/v2\/media?parent=8993"}],"curies":[{"name":"wp","href":"https:\/\/api.w.org\/{rel}","templated":true}]}}